{"id":8784,"date":"2023-05-29T14:35:19","date_gmt":"2023-05-29T14:35:19","guid":{"rendered":"https:\/\/ziacor.com\/condizioni-generali-di-vendita\/"},"modified":"2026-04-08T14:33:17","modified_gmt":"2026-04-08T14:33:17","slug":"condizioni-generali-di-vendita","status":"publish","type":"page","link":"https:\/\/ziacor.com\/it\/condizioni-generali-di-vendita\/","title":{"rendered":"Condizioni generali di vendita"},"content":{"rendered":"<div class=\"wpb-content-wrapper\"><p>[vc_row][vc_column]<div class=\"deeper-spacer clearfix\" data-config='{\"desktop\":100,\"mobile\":30,\"smobile\":30}'><\/div>[vc_column_text]<\/p>\n<h1 style=\"text-align: center;\">Condizioni generali di vendita<\/h1>\n<p>[\/vc_column_text]<div class=\"deeper-spacer clearfix\" data-config='{\"desktop\":50,\"mobile\":30,\"smobile\":30}'><\/div><div class=\"deeper-content-box clearfix ctb-1569887033\" style=\" width:80%;\" data-config='{\"padding\":\"\",\"mobiPadding\":\"0\",\"margin\":\"5% 5% 5% 5%\",\"mobiMargin\":\"5% 5% 5% 5%\",\"borderStyleHover\":\"solid\"}'>\r\n\t\t\t\t\t<div class=\"inner \" style=\"\">\r\n\t\t\t\t\t\t[vc_column_text]<\/p>\n\n<p>[\/vc_column_text]\r\n\t\t\t\t\t<\/div>\r\n\t\t\t\t\t\r\n\t\t\t\t<\/div>[vc_column_text css=&#8221;&#8221;]<\/p>\n<div class=\"vc_empty_space\">\n<div class=\"wpb_text_column wpb_content_element \">\n<div class=\"wpb_wrapper\">\n<h2><span style=\"color: #bc9d3a;\"><strong>1. Orari di assistenza telefonica<\/strong><\/span><\/h2>\n<p>Dal luned\u00ec al venerd\u00ec dalle 8:30 alle 17:00.<\/p>\n<h2><span style=\"color: #bc9d3a;\"><strong>2. Richiesta di prodotti<\/strong><\/span><\/h2>\n<p>Puoi effettuare le tue richieste o ordini di prodotto tramite quattro diverse modalit\u00e0:<\/p>\n<ul>\n<li>Chiamando il servizio clienti al +34 91 291 84 73<\/li>\n<li>Inviando il tuo ordine via e-mail a <a href=\"mailto:pedidos@ziacor.com\">pedidos@ziacor.com<\/a><\/li>\n<li>Inviando il tuo ordine tramite il nostro sito web <a href=\"http:\/\/www.ziacor.com\">www.ziacor.com<\/a><\/li>\n<li>Inviando il tuo ordine presso le strutture di Ziacor<sup>\u00ae<\/sup> in calle B\u00fahos, 2 &#8211; 28320 Pinto &#8211; Madrid &#8211; SPAGNA<\/li>\n<\/ul>\n<h2><span style=\"color: #bc9d3a;\"><strong>3. Consegna dei prodotti<\/strong><\/span><\/h2>\n<p>I tempi di consegna dei prodotti dipendono dal processo di produzione necessario. Per una richiesta o un ordine di prodotto, si considerer\u00e0 come data di ricezione il momento in cui viene ricevuto presso le nostre strutture prima delle 12:00h tramite uno qualsiasi dei mezzi menzionati al punto 2. Se la ricezione dell&#8217;ordine avviene dopo le 12:00h, sar\u00e0 considerata ricevuta il giorno lavorativo successivo. Affinch\u00e9 una richiesta o un ordine sia considerato corretto, deve essere accompagnato da tutti gli elementi necessari per la sua realizzazione, oltre alla corrispondente prescrizione clinica compilata.   <\/p>\n<ul>\n<li>Nel caso in cui si debbano ricevere impronte, modelli di laboratorio o qualsiasi altro materiale per la realizzazione del lavoro, si considerer\u00e0 come data di ricezione la data in cui tutti gli elementi necessari vengono ricevuti presso le nostre strutture.<\/li>\n<li>I tempi qui esposti sono esclusivi per la realizzazione dei lavori e non includono i tempi di spedizione necessari affinch\u00e9 il prodotto raggiunga la sua destinazione.<\/li>\n<\/ul>\n<h2><span style=\"color: #bc9d3a;\"><strong>4. Ripetizioni di prodotto<\/strong><\/span><\/h2>\n<p>Ziacor <sup>\u00ae<\/sup> realizza un lavoro di produzione su misura basato su: <\/p>\n<\/div>\n<p><strong>4.1. L&#8217;invio di un file STL <\/strong><\/p>\n<p>a) Se il prodotto differisce dal file STL fornito, Ziacor<sup>\u00ae<\/sup> effettuer\u00e0 una ripetizione senza alcun costo per il cliente. Questa ripetizione avverr\u00e0 a seguito dell&#8217;analisi dell&#8217;incidente e dell&#8217;accettazione scritta da parte di Ziacor<sup>\u00ae<\/sup>. <\/p>\n<p>b) Se il prodotto \u00e8 esatto rispetto al file STL fornito, Ziacor<sup>\u00ae<\/sup> NON si assume alcun costo per la ripetizione del lavoro in quanto non si tratta di un errore di fabbricazione. Tuttavia, Ziacor<sup>\u00ae<\/sup> applicher\u00e0 uno sconto del 20% sul prezzo di vendita al pubblico (PVP) per le ripetizioni di pezzi o prodotti per motivi non imputabili a Ziacor<sup>\u00ae<\/sup>. <\/p>\n<p><strong>4.2. Invio di modelli di laboratorio <\/strong><\/p>\n<ul>\n<li>a) Se il prodotto non ha passivit\u00e0 o non si adatta correttamente al modello di laboratorio fornito, Ziacor\u00ae effettuer\u00e0 una ripetizione senza alcun costo per il cliente. Questa ripetizione avverr\u00e0 a seguito dell&#8217;analisi dell&#8217;incidente e dell&#8217;accettazione scritta da parte di Ziacor<sup>\u00ae<\/sup>. <\/li>\n<li>b) Se il prodotto non ha passivit\u00e0 o non si adatta correttamente in clinica dentale ma ha passivit\u00e0 o si adatta correttamente al modello di laboratorio fornito, Ziacor<sup>\u00ae<\/sup> NON si assume alcun costo per la ripetizione del lavoro in quanto non si tratta di un errore di fabbricazione. Tuttavia, Ziacor<sup>\u00ae<\/sup> applicher\u00e0 uno sconto del 20% sul prezzo di vendita al pubblico (PVP) per le ripetizioni di pezzi o prodotti per motivi non imputabili a Ziacor<sup>\u00ae<\/sup>. <\/li>\n<\/ul>\n<p><strong>4.3. Sistema Symbiosis<sup>\u00ae<\/sup><\/strong><\/p>\n<p>Per poter beneficiare della garanzia di ripetizione del prodotto lavorando con questo sistema, \u00e8 necessario aver seguito correttamente l&#8217;intero processo, aver effettuato l&#8217;impronta utilizzando i requisiti minimi dello stesso e la prova di passivit\u00e0 quando ci sono 2 o pi\u00f9 impianti per arcata.<\/p>\n<ul>\n<li>a) Se il sistema Symbiosis<sup>\u00ae<\/sup> \u00e8 stato seguito completamente e il prodotto non ha passivit\u00e0 o non si adatta correttamente, Ziacor<sup>\u00ae<\/sup> effettuer\u00e0 una ripetizione senza alcun costo per il cliente. Questa ripetizione avverr\u00e0 a seguito dell&#8217;analisi dell&#8217;incidente e dell&#8217;accettazione scritta da parte di Ziacor<sup>\u00ae<\/sup> <\/li>\n<li>b) Se il sistema Symbiosis<sup>\u00ae<\/sup> non \u00e8 stato seguito completamente e il prodotto non ha passivit\u00e0 o non si adatta correttamente, Ziacor<sup>\u00ae<\/sup> NON si assume alcun costo per la ripetizione del lavoro in quanto non si tratta di un errore di fabbricazione. Tuttavia, Ziacor<sup>\u00ae<\/sup> applicher\u00e0 uno sconto del 20% sul prezzo di vendita al pubblico (PVP) per la ripetizione di pezzi o prodotti per motivi non imputabili a Ziacor<sup>\u00ae<\/sup> <\/li>\n<\/ul>\n<p><strong>Note: <\/strong><\/p>\n<ul>\n<li>Ziacor<sup>\u00ae<\/sup> realizza i design delle strutture e delle corone seguendo le linee guida indicate nella prescrizione clinica e le anatomie dentali standard. Il cliente ha il diritto di richiedere una verifica preventiva di questo design, richiedendola nella stessa prescrizione clinica. Il fatto di non richiedere la verifica preventiva del design da parte del cliente, esonera Ziacor<sup>\u00ae<\/sup> da qualsiasi responsabilit\u00e0 sui prodotti realizzati.  <\/li>\n<li>Tutti gli elementi o materiali forniti dal cliente per la realizzazione dei prodotti devono essere in perfetto stato. Ziacor<sup>\u00ae<\/sup> non copre con la garanzia di ripetizione alcun prodotto in cui il cliente abbia inviato materiale in cattivo stato. <\/li>\n<li>Le ripetizioni di prodotto, in ogni caso, saranno realizzate nei tempi indicati al punto 3, consegna dei prodotti.<\/li>\n<\/ul>\n<div class=\"wpb_wrapper\">\n<h2><span style=\"color: #bc9d3a;\"><strong>Garanzie<\/strong><\/span><\/h2>\n<p><strong>Termini e condizioni: <\/strong><\/p>\n<p>I prodotti Ziacor<sup>\u00ae<\/sup> su monconi e impianti godono di una garanzia in caso di rottura o difetto di fabbricazione. La garanzia dei prodotti Ziacor<sup>\u00ae<\/sup> copre solo i prodotti Ziacor<sup>\u00ae<\/sup> e non include alcun altro prodotto o costo aggiuntivo. <\/p>\n<p><strong>Consulta le condizioni generali di garanzia su www.ziacor.com. <\/strong><\/p>\n<p>Di seguito dettagliamo la garanzia di ogni prodotto, in base al materiale utilizzato per la sua realizzazione:<\/p>\n<p><img decoding=\"async\" class=\"aligncenter wp-image-4433 size-full\" src=\"https:\/\/ziacor.com\/wp-content\/uploads\/2023\/09\/garantias_Ziacor_horizontal_2022.png\" alt=\"\" width=\"944\" height=\"400\" srcset=\"https:\/\/ziacor.com\/wp-content\/uploads\/2023\/09\/garantias_Ziacor_horizontal_2022.png 944w, https:\/\/ziacor.com\/wp-content\/uploads\/2023\/09\/garantias_Ziacor_horizontal_2022-300x127.png 300w, https:\/\/ziacor.com\/wp-content\/uploads\/2023\/09\/garantias_Ziacor_horizontal_2022-768x325.png 768w\" sizes=\"(max-width: 944px) 100vw, 944px\" \/><\/p>\n<p><strong>La tua opinione \u00e8 importante <\/strong><\/p>\n<p>Ziacor<sup>\u00ae<\/sup> mette a disposizione dei suoi clienti strumenti efficaci per il miglioramento continuo dei nostri servizi e prodotti. Ti ringraziamo per averci comunicato incidenti e commenti, poich\u00e9 ci aiuteranno a essere pi\u00f9 efficaci e rapidi nelle soluzioni. Il nostro Servizio Clienti accoglie le tue raccomandazioni nel programma Fedelt\u00e0 per i nostri Clienti. Le tue raccomandazioni e valutazioni saranno prese in considerazione per il miglioramento continuo della nostra azienda.   <\/p>\n<p><strong>Note Importanti:<\/strong><\/p>\n<ul>\n<li>Le protesi Ziacor<sup>\u00ae<\/sup> non sono fornite sterili, pertanto, richiedono di essere sterilizzate prima dell&#8217;uso.<\/li>\n<li>Ziacor<sup>\u00ae<\/sup> non sar\u00e0 responsabile di alcun danno, perdita, ritardo o fallimento nelle spedizioni di prodotti originati dalle agenzie di trasporto, da terzi o da cause estranee a Ziacor <sup>\u00ae<\/sup><\/li>\n<li>In caso di danni, perdite o ritardi del prodotto spedito, ci\u00f2 non sar\u00e0 motivo per aumentare gli obblighi di Ziacor<sup>\u00ae<\/sup>. Tuttavia, Ziacor<sup>\u00ae<\/sup> adotter\u00e0 le misure opportune per risolvere il danno, la perdita o il ritardo di un prodotto, in modo rapido ed equo con il cliente, sempre che sia possibile.<\/li>\n<li>Tutte le spedizioni di prodotti viaggiano a rischio e pericolo del cliente.<\/li>\n<li>Ziacor<sup>\u00ae<\/sup> non include alcuna assicurazione nel trasporto o nella spedizione dei prodotti. Ziacor<sup>\u00ae<\/sup> si riserva il diritto di modificare o cambiare le Condizioni Generali di Vendita senza preavviso. Queste condizioni annullano tutte le precedenti.  <\/li>\n<li>Ziacor<sup>\u00ae<\/sup> non \u00e8 responsabile di eventuali errori tipografici.<\/li>\n<\/ul>\n<\/div>\n<\/div>\n<\/div>\n<p>[\/vc_column_text]<div class=\"deeper-spacer clearfix\" data-config='{\"desktop\":100,\"mobile\":60,\"smobile\":60}'><\/div>[\/vc_column][\/vc_row]<\/p>\n<\/div>","protected":false},"excerpt":{"rendered":"<p>[vc_row][vc_column][vc_column_text] Condizioni generali di vendita [\/vc_column_text][vc_column_text css=&#8221;&#8221;] 1. Orari di assistenza telefonica Dal luned\u00ec al venerd\u00ec dalle 8:30 alle 17:00. 2. Richiesta di prodotti Puoi effettuare le tue richieste o ordini di prodotto tramite quattro diverse modalit\u00e0: Chiamando il servizio clienti al +34 91 291 84 73 Inviando il tuo<\/p>\n","protected":false},"author":1,"featured_media":0,"parent":0,"menu_order":0,"comment_status":"closed","ping_status":"closed","template":"","meta":{"footnotes":""},"class_list":["post-8784","page","type-page","status-publish","hentry"],"_links":{"self":[{"href":"https:\/\/ziacor.com\/it\/wp-json\/wp\/v2\/pages\/8784","targetHints":{"allow":["GET"]}}],"collection":[{"href":"https:\/\/ziacor.com\/it\/wp-json\/wp\/v2\/pages"}],"about":[{"href":"https:\/\/ziacor.com\/it\/wp-json\/wp\/v2\/types\/page"}],"author":[{"embeddable":true,"href":"https:\/\/ziacor.com\/it\/wp-json\/wp\/v2\/users\/1"}],"replies":[{"embeddable":true,"href":"https:\/\/ziacor.com\/it\/wp-json\/wp\/v2\/comments?post=8784"}],"version-history":[{"count":4,"href":"https:\/\/ziacor.com\/it\/wp-json\/wp\/v2\/pages\/8784\/revisions"}],"predecessor-version":[{"id":8788,"href":"https:\/\/ziacor.com\/it\/wp-json\/wp\/v2\/pages\/8784\/revisions\/8788"}],"wp:attachment":[{"href":"https:\/\/ziacor.com\/it\/wp-json\/wp\/v2\/media?parent=8784"}],"curies":[{"name":"wp","href":"https:\/\/api.w.org\/{rel}","templated":true}]}}