{"id":8790,"date":"2023-05-29T14:20:05","date_gmt":"2023-05-29T14:20:05","guid":{"rendered":"https:\/\/ziacor.com\/informativa-sui-cookie\/"},"modified":"2026-04-08T14:41:43","modified_gmt":"2026-04-08T14:41:43","slug":"informativa-sui-cookie","status":"publish","type":"page","link":"https:\/\/ziacor.com\/it\/informativa-sui-cookie\/","title":{"rendered":"Informativa sui cookie"},"content":{"rendered":"<div class=\"wpb-content-wrapper\"><p>[vc_row][vc_column]<div class=\"deeper-spacer clearfix\" data-config='{\"desktop\":120,\"mobile\":70,\"smobile\":70}'><\/div>[vc_column_text]<\/p>\n<h1 style=\"text-align: center;\">Informativa sui cookie<\/h1>\n<p>[\/vc_column_text][\/vc_column][\/vc_row][vc_row][vc_column]<div class=\"deeper-spacer clearfix\" data-config='{\"desktop\":50,\"mobile\":30,\"smobile\":30}'><\/div><div class=\"deeper-content-box clearfix ctb-1276786468\" style=\" width:80%;\" data-config='{\"padding\":\"\",\"mobiPadding\":\"0\",\"margin\":\"5% 5% 5% 5%\",\"mobiMargin\":\"5% 5% 5% 5%\",\"borderStyleHover\":\"solid\"}'>\r\n\t\t\t\t\t<div class=\"inner \" style=\"\">\r\n\t\t\t\t\t\t[vc_column_text]<\/p>\n\n<p>[\/vc_column_text]\r\n\t\t\t\t\t<\/div>\r\n\t\t\t\t\t\r\n\t\t\t\t<\/div>[vc_column_text css=&#8221;&#8221;]<\/p>\n<h2><span style=\"color: #bc9d3a;\"><b>Cosa <strong>sono i cookie<\/strong>?<\/b><\/span><\/h2>\n<p>Un cookie \u00e8 una piccola quantit\u00e0 di informazioni inviate da un sito web che vengono memorizzate sul dispositivo dell&#8217;utente durante la navigazione. I cookie consentono al sito web di ricordare informazioni sulle precedenti visite dell&#8217;utente, rendendo l&#8217;uso del sito pi\u00f9 efficace, piacevole e utile ricordando le tue preferenze, permettendoti di navigare nel sito e autenticandoti se ti sei gi\u00e0 registrato in precedenza. Inoltre, i cookie aiutano a garantire che gli annunci visualizzati online siano pi\u00f9 pertinenti ai tuoi interessi per offrirti un&#8217;esperienza migliore.  <\/p>\n<p>L&#8217;uso dei cookie non comporta alcun danno per il tuo dispositivo e, di norma, scadono dopo un certo periodo. Se desideri maggiori informazioni sui cookie, puoi visitare <a href=\"https:\/\/www.allaboutcookies.org\/\" target=\"_blank\" rel=\"noopener noreferrer\">questo link<\/a>. <\/p>\n<h2><span style=\"color: #bc9d3a;\"><b>Che tipo di dati personali abbiamo su di te? <\/b><\/span><\/h2>\n<p>Le informazioni che raccogliamo saranno relative al prodotto o servizio richiesto: ad esempio, il tuo nome e i dati di contatto, la natura del prodotto o servizio richiesto e altre informazioni correlate, in modo da poter rispondere alla tua richiesta.<\/p>\n<p>In alcune occasioni, Ziacor CAD-CAM S.L. potrebbe invitarti a partecipare a un sondaggio o a una votazione, ad esempio per esprimere un parere su contenuti, servizi o prodotti.<\/p>\n<p>In caso di candidatura a processi di selezione del personale, disponiamo del tuo Curriculum Vitae, delle informazioni relative ai tuoi colloqui personali e, se del caso, delle informazioni necessarie per l&#8217;assunzione e la gestione del rapporto di lavoro.<\/p>\n<p>Per quanto riguarda qualsiasi informazione raccolta attraverso i nostri siti, Ziacor CAD-CAM S.L.<br \/>\nsar\u00e0 il titolare del trattamento dei dati.<\/p>\n<h2><span style=\"color: #bc9d3a;\"><b>Ziacor CAD-CAM S.L. <strong>utilizza i cookie<\/strong>?<\/b><\/span><\/h2>\n<p>S\u00ec, sui nostri siti utilizziamo cookie che ci permettono di identificare se gli utenti tornano sul nostro sito o se, al contrario, vi accedono per la prima volta, quante visite avvengono, quali pagine hanno visualizzato o se si verifica qualche problema tecnico durante la navigazione. Grazie a queste informazioni, possiamo scoprire quali parti dei nostri siti sono pi\u00f9 interessanti per gli utenti e migliorare cos\u00ec i nostri siti web per offrire la migliore esperienza possibile ai visitatori. <\/p>\n<h2><span style=\"color: #bc9d3a;\"><b>Devo <strong>accettare i cookie per utilizzare questo sito web<\/strong>?<\/b><\/span><\/h2>\n<p>Non \u00e8 necessario. \u00c8 possibile disabilitare l&#8217;uso dei cookie disattivando la funzione cookie del tuo browser. Tuttavia, \u00e8 possibile che alcune sezioni del nostro sito web, cos\u00ec come di altri siti, non funzionino correttamente o non ti permettano l&#8217;accesso una volta disattivata la funzione. Puoi anche configurarne l&#8217;uso, come mostrato nel paragrafo su come rifiutare i cookie.   <\/p>\n<h2><span style=\"color: #bc9d3a;\"><b>Quale <strong>tipo di cookie viene utilizzato<\/strong>?<\/b><\/span><\/h2>\n<p style=\"text-align: left;\">Sui nostri siti web utilizziamo tre categorie generali di cookie:<\/p>\n<p style=\"text-align: left;\"><strong>Cookie strettamente necessari (o essenziali)<\/strong>. Si tratta di cookie indispensabili per poter navigare su un sito web e utilizzarne le funzioni. Senza di essi, tali funzioni non sarebbero pi\u00f9 disponibili. Ad esempio, navigare come utente registrato, accedere a determinate aree riservate del sito o effettuare acquisti tramite il sito. Per questo motivo, come la maggior parte dei siti, utilizziamo cookie strettamente necessari.<br \/>\n<strong>Cookie di prestazione.<\/strong> Sono cookie che raccolgono informazioni anonime sull&#8217;uso che gli utenti fanno del sito web, come le pagine visualizzate pi\u00f9 spesso, e vengono utilizzati esclusivamente per migliorare il funzionamento del sito. Come la maggior parte dei siti, utilizziamo cookie di prestazione sui nostri siti.<br \/>\n<strong>Cookie di funzionalit\u00e0.<\/strong> Grazie a questi cookie, il sito web ricorda in modo anonimo le opzioni che hai selezionato, come ad esempio la lingua. Ci\u00f2 ci consente di offrirti un&#8217;esperienza migliorata. Sul nostro sito utilizziamo cookie di funzionalit\u00e0 per migliorare la tua esperienza come utente.  <\/p>\n<h2><span style=\"color: #bc9d3a;\"><b>Cosa <strong>succede se si consente l&#8217;uso dei cookie<\/strong>?<\/b><\/span><\/h2>\n<p>Se non hai disabilitato la funzione dal tuo browser, acconsenti all&#8217;installazione di cookie e altre tecnologie correlate sul tuo dispositivo.<\/p>\n<h2><span style=\"color: #bc9d3a;\"><b>Cosa sono e a cosa servono i pixel invisibili?<\/b><\/span><\/h2>\n<p>Il nostro sito pu\u00f2 contenere in alcuni punti pixel invisibili (web beacon, Internet tag, pixel tag o clear GIF). Questi pixel invisibili vengono utilizzati per mostrare contenuti ai visitatori e per generare statistiche anonime sul traffico. <\/p>\n<h2><span style=\"color: #bc9d3a;\">Come rifiuto l&#8217;uso dei cookie?<\/span><\/h2>\n<p>Puoi rifiutare i cookie in due modi diversi.<\/p>\n<ul>\n<li>Bloccandone l&#8217;uso tramite le impostazioni del tuo browser. Una volta fatto, potrai continuare a navigare sul nostro sito, ma potresti non essere in grado di utilizzare alcune delle sue funzioni. <\/li>\n<li>Accedendo al link che troverai alla fine di questa sezione. Puoi anche revocare il tuo consenso all&#8217;uso dei pixel invisibili da parte di questo sito tramite lo stesso link. <\/li>\n<\/ul>\n<p>Tieni presente che molte funzioni dei nostri siti web dipendono da queste tecnologie e la loro rimozione pu\u00f2 ridurne la funzionalit\u00e0 e compromettere l&#8217;esperienza d&#8217;uso. Ricorda inoltre che, anche se disattivati, i cookie gi\u00e0 presenti sul tuo computer rimarranno l\u00ec, ma inattivi, a meno che non li elimini tramite le impostazioni del browser. Puoi trovare maggiori informazioni su questo <a href=\"\/\/www.aboutcookies.org\/\">sito web.<\/a>   <\/p>\n<h2><span style=\"color: #bc9d3a;\">Ziacor CAD-CAM S.L. consente l&#8217;installazione di cookie di terze parti sui propri siti web?<\/span><\/h2>\n<p>In generale, non consentiamo l&#8217;installazione di cookie di terze parti come inserzionisti, n\u00e9 accettiamo la pubblicit\u00e0 comportamentale. Tuttavia, \u00e8 possibile che su alcuni dei nostri siti, come le nostre pagine sui social network, siano stati caricati contenuti di terze parti, come video ecc. Dovrai consultare i siti web di tali terze parti per ottenere informazioni su questi cookie. \u00c8 comunque possibile disabilitare i cookie di terze parti tramite le impostazioni del tuo browser. Puoi trovare ulteriori istruzioni al riguardo a questo <a href=\"\/\/www.aboutcookies.org\/\">link.<\/a>   <\/p>\n<p><strong>Essenziali:<\/strong> Alcuni cookie sono indispensabili per consentirti di sperimentare la piena funzionalit\u00e0 del nostro sito. Ci permettono di mantenere le sessioni utente e prevenire qualsiasi minaccia alla sicurezza. Non raccolgono n\u00e9 memorizzano alcuna informazione personale. Ad esempio, questi cookie ti consentono di accedere al tuo account, aggiungere prodotti al carrello ed effettuare l&#8217;acquisto in modo sicuro.   <\/p>\n<p><strong>Statistici:<\/strong> Questi cookie memorizzano informazioni come il numero di visitatori del sito web, il numero di visitatori unici, le pagine del sito visitate, la fonte della visita, ecc. Questi dati ci aiutano a capire e analizzare il corretto funzionamento del sito web e dove \u00e8 necessario apportare miglioramenti. <\/p>\n<p><strong>Marketing:<\/strong> Il nostro sito web mostra annunci pubblicitari. Questi cookie vengono utilizzati per personalizzare gli annunci che ti mostriamo affinch\u00e9 siano rilevanti per te. Questi cookie ci aiutano anche a monitorare l&#8217;efficacia di queste campagne pubblicitarie.<br \/>\nLe informazioni memorizzate in questi cookie possono essere utilizzate anche da fornitori di pubblicit\u00e0 di terze parti per mostrarti annunci su altri siti web nel browser.  <\/p>\n<p><strong>Funzionali:<\/strong> Questi sono i cookie che supportano alcune funzionalit\u00e0 non essenziali sul nostro sito web. Tali funzionalit\u00e0 includono l&#8217;incorporazione di contenuti come video o la condivisione dei contenuti del sito web su piattaforme di social media. <\/p>\n<p><strong>Preferenze:<\/strong> Questi cookie ci aiutano a memorizzare le tue impostazioni e preferenze di navigazione, come la lingua preferita, in modo da offrirti un&#8217;esperienza migliore ed efficiente nelle future visite al sito web.[\/vc_column_text][\/vc_column][\/vc_row][vc_row][vc_column]<div class=\"deeper-spacer clearfix\" data-config='{\"desktop\":60,\"mobile\":30,\"smobile\":30}'><\/div>[\/vc_column][\/vc_row][vc_row][vc_column][vc_raw_html]PGRpdiBjbGFzcz0iY2t5LWF1ZGl0LXRhYmxlLWVsZW1lbnQiPjwvZGl2Pg==[\/vc_raw_html][\/vc_column][\/vc_row]<\/p>\n<\/div>","protected":false},"excerpt":{"rendered":"<p>[vc_row][vc_column][vc_column_text] Informativa sui cookie [\/vc_column_text][\/vc_column][\/vc_row][vc_row][vc_column][vc_column_text css=&#8221;&#8221;] Cosa sono i cookie? Un cookie \u00e8 una piccola quantit\u00e0 di informazioni inviate da un sito web che vengono memorizzate sul dispositivo dell&#8217;utente durante la navigazione. I cookie consentono al sito web di ricordare informazioni sulle precedenti visite dell&#8217;utente, rendendo l&#8217;uso del sito pi\u00f9<\/p>\n","protected":false},"author":1,"featured_media":0,"parent":0,"menu_order":0,"comment_status":"closed","ping_status":"closed","template":"","meta":{"footnotes":""},"class_list":["post-8790","page","type-page","status-publish","hentry"],"_links":{"self":[{"href":"https:\/\/ziacor.com\/it\/wp-json\/wp\/v2\/pages\/8790","targetHints":{"allow":["GET"]}}],"collection":[{"href":"https:\/\/ziacor.com\/it\/wp-json\/wp\/v2\/pages"}],"about":[{"href":"https:\/\/ziacor.com\/it\/wp-json\/wp\/v2\/types\/page"}],"author":[{"embeddable":true,"href":"https:\/\/ziacor.com\/it\/wp-json\/wp\/v2\/users\/1"}],"replies":[{"embeddable":true,"href":"https:\/\/ziacor.com\/it\/wp-json\/wp\/v2\/comments?post=8790"}],"version-history":[{"count":2,"href":"https:\/\/ziacor.com\/it\/wp-json\/wp\/v2\/pages\/8790\/revisions"}],"predecessor-version":[{"id":8792,"href":"https:\/\/ziacor.com\/it\/wp-json\/wp\/v2\/pages\/8790\/revisions\/8792"}],"wp:attachment":[{"href":"https:\/\/ziacor.com\/it\/wp-json\/wp\/v2\/media?parent=8790"}],"curies":[{"name":"wp","href":"https:\/\/api.w.org\/{rel}","templated":true}]}}