{"id":8181,"date":"2023-09-20T07:00:53","date_gmt":"2023-09-20T07:00:53","guid":{"rendered":"https:\/\/ziacor.com\/ziacor-marca-registada\/"},"modified":"2026-04-08T12:00:52","modified_gmt":"2026-04-08T12:00:52","slug":"ziacor-marca-registada","status":"publish","type":"page","link":"https:\/\/ziacor.com\/pt-pt\/ziacor-marca-registada\/","title":{"rendered":"ZIACOR marca registada"},"content":{"rendered":"<div class=\"wpb-content-wrapper\"><p>[vc_row canvas=&#8221;%5B%7B%22shape%22%3A%22shape-1%22%2C%22image_effect%22%3A%22style-1%22%2C%22smoothness%22%3A%2230%22%7D%5D&#8221; css=&#8221;.vc_custom_1695192919771{margin-top: 100px !important;}&#8221;][vc_column]<div class=\"deeper-spacer clearfix\" data-config='{\"desktop\":100,\"mobile\":60,\"smobile\":60}'><\/div>[vc_single_image image=&#8221;3202&#8243; img_size=&#8221;30&#215;30&#8243;][vc_custom_heading text=&#8221;Ziacor\u00ae CAD-CAM S.L.U. marca registada&#8221; google_fonts=&#8221;font_family:Raleway%3A100%2C200%2C300%2Cregular%2C500%2C600%2C700%2C800%2C900|font_style:600%20bold%20regular%3A600%3Anormal&#8221; css_animation=&#8221;fadeInRight&#8221;]<div class=\"deeper-spacer clearfix\" data-config='{\"desktop\":50,\"mobile\":25,\"smobile\":25}'><\/div>[\/vc_column][\/vc_row][vc_row][vc_column]<div class=\"deeper-text align-left \" style=\"font-size:16px;color:#5b5b5b;font-family:Raleway;\" ><span>A marca Ziacor<sup>\u00ae<\/sup> \u00e9 uma marca registada, tal como alguns dos seus produtos mencionados ou n\u00e3o mencionados neste <b>s\u00edtio Web<\/b>. A Ziacor CAD-CAM SLU reserva-se o direito de modificar, alterar e eliminar qualquer um dos produtos, pre\u00e7os ou especifica\u00e7\u00f5es t\u00e9cnicas referenciados nesta <b>p\u00e1gina<\/b> ou em qualquer um dos seus cat\u00e1logos sem aviso pr\u00e9vio. Todos os direitos reservados. \u00c9 proibida a reprodu\u00e7\u00e3o ou publica\u00e7\u00e3o total ou parcial desta documenta\u00e7\u00e3o, em qualquer meio ou formato, sem a correspondente autoriza\u00e7\u00e3o por escrito da Ziacor CAD-CAM SLU.<\/span>\n<\/div><div class=\"deeper-spacer clearfix\" data-config='{\"desktop\":50,\"mobile\":25,\"smobile\":25}'><\/div>[\/vc_column][\/vc_row][vc_row][vc_column]<div class=\"deeper-spacer clearfix\" data-config='{\"desktop\":100,\"mobile\":60,\"smobile\":60}'><\/div>[\/vc_column][\/vc_row]<\/p>\n<\/div>","protected":false},"excerpt":{"rendered":"<p>[vc_row canvas=&#8221;%5B%7B%22shape%22%3A%22shape-1%22%2C%22image_effect%22%3A%22style-1%22%2C%22smoothness%22%3A%2230%22%7D%5D&#8221; css=&#8221;.vc_custom_1695192919771{margin-top: 100px !important;}&#8221;][vc_column][vc_single_image image=&#8221;3202&#8243; img_size=&#8221;30&#215;30&#8243;][vc_custom_heading text=&#8221;Ziacor\u00ae CAD-CAM S.L.U. marca registada&#8221; google_fonts=&#8221;font_family:Raleway%3A100%2C200%2C300%2Cregular%2C500%2C600%2C700%2C800%2C900|font_style:600%20bold%20regular%3A600%3Anormal&#8221; css_animation=&#8221;fadeInRight&#8221;][\/vc_column][\/vc_row][vc_row][vc_column][\/vc_column][\/vc_row][vc_row][vc_column][\/vc_column][\/vc_row]<\/p>\n","protected":false},"author":1,"featured_media":0,"parent":0,"menu_order":0,"comment_status":"closed","ping_status":"closed","template":"","meta":{"footnotes":""},"class_list":["post-8181","page","type-page","status-publish","hentry"],"_links":{"self":[{"href":"https:\/\/ziacor.com\/pt-pt\/wp-json\/wp\/v2\/pages\/8181","targetHints":{"allow":["GET"]}}],"collection":[{"href":"https:\/\/ziacor.com\/pt-pt\/wp-json\/wp\/v2\/pages"}],"about":[{"href":"https:\/\/ziacor.com\/pt-pt\/wp-json\/wp\/v2\/types\/page"}],"author":[{"embeddable":true,"href":"https:\/\/ziacor.com\/pt-pt\/wp-json\/wp\/v2\/users\/1"}],"replies":[{"embeddable":true,"href":"https:\/\/ziacor.com\/pt-pt\/wp-json\/wp\/v2\/comments?post=8181"}],"version-history":[{"count":1,"href":"https:\/\/ziacor.com\/pt-pt\/wp-json\/wp\/v2\/pages\/8181\/revisions"}],"predecessor-version":[{"id":8184,"href":"https:\/\/ziacor.com\/pt-pt\/wp-json\/wp\/v2\/pages\/8181\/revisions\/8184"}],"wp:attachment":[{"href":"https:\/\/ziacor.com\/pt-pt\/wp-json\/wp\/v2\/media?parent=8181"}],"curies":[{"name":"wp","href":"https:\/\/api.w.org\/{rel}","templated":true}]}}