{"id":8207,"date":"2023-08-21T11:04:56","date_gmt":"2023-08-21T11:04:56","guid":{"rendered":"https:\/\/ziacor.com\/biblioteca\/"},"modified":"2026-04-08T12:02:01","modified_gmt":"2026-04-08T12:02:01","slug":"biblioteca","status":"publish","type":"page","link":"https:\/\/ziacor.com\/pt-pt\/biblioteca\/","title":{"rendered":"Biblioteca"},"content":{"rendered":"<div class=\"wpb-content-wrapper\"><p>[vc_row][vc_column css=&#8221;.vc_custom_1667480885717{margin-top: 90px !important;}&#8221;][vc_column_text]<\/p>\n<h1 style=\"text-align: center;\">Biblioteca<\/h1>\n<p>[\/vc_column_text]<div class=\"deeper-spacer clearfix\" data-config='{\"desktop\":30,\"mobile\":30,\"smobile\":30}'><\/div>[vc_row_inner][vc_column_inner width=&#8221;1\/2&#8243;][vc_column_text]<\/p>\n<h2><span style=\"color: #bc9d3a;\">Cat\u00e1logos de produtos<\/span><\/h2>\n<p>[\/vc_column_text]<div class=\"deeper-spacer clearfix\" data-config='{\"desktop\":50,\"mobile\":30,\"smobile\":30}'><\/div>[vc_column_text css=&#8221;.vc_custom_1765463324720{margin-left: 20px !important;}&#8221;]<\/p>\n<h3><span style=\"color: #bc9d3a;\">Portef\u00f3lio geral Ziacor <\/span><\/h3>\n<ul>\n<li><span style=\"color: #606060;\"><a style=\"text-decoration: underline; color: #606060;\" href=\"\/biblioteca\/es\/Catalogo-Ziacor.pdf\" target=\"_blank\" rel=\"noopener\">Ver cat\u00e1logo<\/a><\/span><\/li>\n<\/ul>\n<h3><span style=\"color: #bc9d3a;\">Programa de servi\u00e7os <\/span><\/h3>\n<ul>\n<li><span style=\"color: #606060;\"><span style=\"color: #606060;\"><a style=\"text-decoration: underline; color: #606060;\" href=\"\/biblioteca\/es\/Programa-Servicios.pdf\" target=\"_blank\" rel=\"noopener\">Ver programa<\/a><\/span><\/span><br \/>\n<hr>\n<\/li>\n<\/ul>\n<p>[\/vc_column_text][\/vc_column_inner][vc_column_inner width=&#8221;1\/2&#8243;][vc_column_text]<\/p>\n<h2><span style=\"color: #bc9d3a;\">Casos cl\u00ednicos<\/span><\/h2>\n<p>[\/vc_column_text]<div class=\"deeper-spacer clearfix\" data-config='{\"desktop\":50,\"mobile\":30,\"smobile\":30}'><\/div>[vc_column_text css=&#8221;.vc_custom_1696232181781{margin-left: 20px !important;}&#8221;]<\/p>\n<h3><span style=\"color: #bc9d3a;\">Caso cl\u00ednico Dr. Luis Sep\u00falveda Salas: \u00abPonte anat\u00f3mica anterossuperior mediante impress\u00e3o radiol\u00f3gica\u00bb publicado na Gaceta Dental <\/span><\/h3>\n<ul>\n<li><span style=\"color: #606060;\"><a style=\"text-decoration: underline; color: #606060;\" href=\"\/biblioteca\/es\/Puente-anat%C3%B3mico-anteriosuperior-mediante-impresi%C3%B3n-radiol%C3%B3gica.pdf\" target=\"_blank\" rel=\"noopener\">Ver caso cl\u00ednico<\/a><\/span><\/li>\n<\/ul>\n<h3><span style=\"color: #bc9d3a;\">Reabilita\u00e7\u00e3o implanto-suportada superior. Colaborador: Dr. Javier Montero, Universidade de Salamanca  <\/span><\/h3>\n<ul>\n<li><span style=\"color: #606060;\"><a style=\"text-decoration: underline; color: #606060;\" href=\"\/biblioteca\/es\/Rehabilitacion-implanto-soportada-superior.pdf\" target=\"_blank\" rel=\"noopener\">Ver caso cl\u00ednico<\/a><\/span><\/li>\n<\/ul>\n<h3><span style=\"color: #bc9d3a;\">Reabilita\u00e7\u00e3o de um caso realizado em Estrutura com flange de PEEK e acabamento de gengiva em comp\u00f3sito (marca Bredent) com dentes de nano-comp\u00f3sito (marca Coltene). Colaborador: Dr. Antonio Bascones, Catedr\u00e1tico da UCM  <\/span><\/h3>\n<ul>\n<li><span style=\"color: #606060;\"><a style=\"text-decoration: underline; color: #606060;\" href=\"\/biblioteca\/es\/Rehabilitacion-protetica-estructura-con-faldon-de-PEEK.pdf\" target=\"_blank\" rel=\"noopener\">Ver caso cl\u00ednico<\/a><\/span><\/li>\n<\/ul>\n<p>[\/vc_column_text][\/vc_column_inner][\/vc_row_inner][vc_row_inner disable_element=&#8221;yes&#8221;][vc_column_inner width=&#8221;1\/2&#8243;]<div class=\"deeper-spacer clearfix\" data-config='{\"desktop\":50,\"mobile\":30,\"smobile\":30}'><\/div><div class=\"deeper-spacer clearfix\" data-config='{\"desktop\":50,\"mobile\":30,\"smobile\":30}'><\/div>[vc_column_text]<\/p>\n<h2 class=\"ancla\"><span style=\"color: #bc9d3a;\">Informa\u00e7\u00e3o sobre materiais<\/span><\/h2>\n<p>[\/vc_column_text][vc_column_text]<\/p>\n<h3><span id=\"InstruccionesDeUso\" style=\"color: #bc9d3a;\">Mediloy S-Co<\/span><\/h3>\n<ul>\n<li><span style=\"color: #606060;\"><a style=\"text-decoration: underline; color: #606060;\" href=\"\/Manual\/Procedimiento-quirurgico-Galaxy.pdf\" target=\"_blank\" rel=\"noopener\">Ficha de dados de seguran\u00e7a CE Mediloy S-Co<\/a><\/span><\/li>\n<li><span style=\"color: #606060;\"><a style=\"text-decoration: underline; color: #606060;\" href=\"\/Manual\/Procedimiento-quirurgico-ZV2.pdf\" target=\"_blank\" rel=\"noopener\">Instru\u00e7\u00f5es de utiliza\u00e7\u00e3o Mediloy S-Co<\/a><\/span><\/li>\n<li><span style=\"color: #606060;\"><a style=\"text-decoration: underline; color: #606060;\" href=\"\/Manual\/Procedimiento-quirurgico-Zinic.pdf\" target=\"_blank\" rel=\"noopener\">Certificado de biocompatibilidade Mediloy S-Co<\/a><\/span><\/li>\n<\/ul>\n<p>[\/vc_column_text][\/vc_column_inner][vc_column_inner width=&#8221;1\/2&#8243;][vc_column_text]<\/p>\n<h3><span id=\"InstruccionesDeUso\" style=\"color: #bc9d3a;\">Wironium RP<\/span><\/h3>\n<ul>\n<li><span style=\"color: #606060;\"><a style=\"text-decoration: underline; color: #606060;\" href=\"\/Manual\/Procedimiento-quirurgico-Galaxy.pdf\" target=\"_blank\" rel=\"noopener\">Ficha de dados de seguran\u00e7a CE Wironium RP<\/a><\/span><\/li>\n<li><span style=\"color: #606060;\"><a style=\"text-decoration: underline; color: #606060;\" href=\"\/Manual\/Procedimiento-quirurgico-ZV2.pdf\" target=\"_blank\" rel=\"noopener\">Instru\u00e7\u00f5es de utiliza\u00e7\u00e3o Wironium RP<\/a><\/span><\/li>\n<li><span style=\"color: #606060;\"><a style=\"text-decoration: underline; color: #606060;\" href=\"\/Manual\/Procedimiento-quirurgico-Zinic.pdf\" target=\"_blank\" rel=\"noopener\">Certificado de biocompatibilidade Wironium RP<\/a><\/span><\/li>\n<li><span style=\"color: #606060;\"><a style=\"text-decoration: underline; color: #606060;\" href=\"\/Manual\/Procedimiento-quirurgico-Zinic.pdf\" target=\"_blank\" rel=\"noopener\">Folheto informativo Wironium RP<\/a><\/span><\/li>\n<\/ul>\n<p>[\/vc_column_text][\/vc_column_inner][\/vc_row_inner]<div class=\"deeper-spacer clearfix\" data-config='{\"desktop\":50,\"mobile\":30,\"smobile\":30}'><\/div>[vc_column_text]<\/p>\n<h2 class=\"ancla\"><span style=\"color: #bc9d3a;\">Documenta\u00e7\u00e3o para tramita\u00e7\u00e3o com a Ziacor<\/span><\/h2>\n<p>[\/vc_column_text][vc_row_inner][vc_column_inner width=&#8221;1\/2&#8243;][vc_column_text css=&#8221;&#8221;]<\/p>\n<ul>\n<li><span style=\"color: #606060;\"><a style=\"text-decoration: underline; color: #606060;\" href=\"\/biblioteca\/es\/Documentacion-Condiciones-Generales-de-Venta-Ziacor.pdf\" target=\"_blank\" rel=\"noopener\">Condi\u00e7\u00f5es gerais de venda<\/a><\/span><\/li>\n<li><span style=\"color: #999999;\"><a style=\"text-decoration: underline; color: #999999;\" href=\"\/biblioteca\/es\/Documentacion-Prescripcion-medica.pdf\" target=\"_blank\" rel=\"noopener\"><span style=\"color: #606060;\">Prescri\u00e7\u00e3o m\u00e9dica<\/span><\/a><\/span><\/li>\n<li><span style=\"color: #999999;\"><a style=\"text-decoration: underline; color: #999999;\" href=\"\/biblioteca\/es\/Documentacion-Prescripcion-para-laboratorio.pdf\" target=\"_blank\" rel=\"noopener\"><span style=\"color: #606060;\">Prescri\u00e7\u00e3o para laborat\u00f3rio<\/span><\/a><\/span><\/li>\n<li><span style=\"color: #999999;\"><a style=\"text-decoration: underline; color: #606060;\" title=\"\/biblioteca\/es\/documentacion-adeudo-sepa.pdf\" href=\"\/biblioteca\/es\/Documentacion-Adeudo-SEPA.pdf\" target=\"_blank\" rel=\"noopener\" aria-label=\"V\u00ednculo Adeudo directo SEPA B2B\">D\u00e9bito direto SEPA B2B<\/a><\/span><\/li>\n<li><span style=\"color: #999999;\"><a style=\"text-decoration: underline; color: #606060;\" title=\"\/biblioteca\/es\/Cuestionario-seguimiento-post-Market.pdf\" href=\"\/biblioteca\/es\/Cuestionario-seguimiento-post-Market.pdf\" target=\"_blank\" rel=\"noopener\" aria-label=\"V\u00ednculo Cuestionario seguimiento post Market\">Question\u00e1rio de acompanhamento p\u00f3s-comercializa\u00e7\u00e3o<\/a><\/span><\/li>\n<\/ul>\n<p>[\/vc_column_text][\/vc_column_inner][vc_column_inner width=&#8221;1\/2&#8243;][\/vc_column_inner][\/vc_row_inner]<div class=\"deeper-spacer clearfix\" data-config='{\"desktop\":50,\"mobile\":30,\"smobile\":30}'><\/div>[\/vc_column][\/vc_row]<\/p>\n<\/div>","protected":false},"excerpt":{"rendered":"<p>[vc_row][vc_column css=&#8221;.vc_custom_1667480885717{margin-top: 90px !important;}&#8221;][vc_column_text] Biblioteca [\/vc_column_text][vc_row_inner][vc_column_inner width=&#8221;1\/2&#8243;][vc_column_text] Cat\u00e1logos de produtos [\/vc_column_text][vc_column_text css=&#8221;.vc_custom_1765463324720{margin-left: 20px !important;}&#8221;] Portef\u00f3lio geral Ziacor Ver cat\u00e1logo Programa de servi\u00e7os Ver programa [\/vc_column_text][\/vc_column_inner][vc_column_inner width=&#8221;1\/2&#8243;][vc_column_text] Casos cl\u00ednicos [\/vc_column_text][vc_column_text css=&#8221;.vc_custom_1696232181781{margin-left: 20px !important;}&#8221;] Caso cl\u00ednico Dr. Luis Sep\u00falveda Salas: \u00abPonte anat\u00f3mica anterossuperior mediante impress\u00e3o radiol\u00f3gica\u00bb publicado na Gaceta Dental Ver caso<\/p>\n","protected":false},"author":1,"featured_media":0,"parent":0,"menu_order":0,"comment_status":"closed","ping_status":"closed","template":"","meta":{"footnotes":""},"class_list":["post-8207","page","type-page","status-publish","hentry"],"_links":{"self":[{"href":"https:\/\/ziacor.com\/pt-pt\/wp-json\/wp\/v2\/pages\/8207","targetHints":{"allow":["GET"]}}],"collection":[{"href":"https:\/\/ziacor.com\/pt-pt\/wp-json\/wp\/v2\/pages"}],"about":[{"href":"https:\/\/ziacor.com\/pt-pt\/wp-json\/wp\/v2\/types\/page"}],"author":[{"embeddable":true,"href":"https:\/\/ziacor.com\/pt-pt\/wp-json\/wp\/v2\/users\/1"}],"replies":[{"embeddable":true,"href":"https:\/\/ziacor.com\/pt-pt\/wp-json\/wp\/v2\/comments?post=8207"}],"version-history":[{"count":6,"href":"https:\/\/ziacor.com\/pt-pt\/wp-json\/wp\/v2\/pages\/8207\/revisions"}],"predecessor-version":[{"id":8216,"href":"https:\/\/ziacor.com\/pt-pt\/wp-json\/wp\/v2\/pages\/8207\/revisions\/8216"}],"wp:attachment":[{"href":"https:\/\/ziacor.com\/pt-pt\/wp-json\/wp\/v2\/media?parent=8207"}],"curies":[{"name":"wp","href":"https:\/\/api.w.org\/{rel}","templated":true}]}}