{"id":8837,"date":"2023-05-29T14:20:05","date_gmt":"2023-05-29T14:20:05","guid":{"rendered":"https:\/\/ziacor.com\/politica-de-cookies\/"},"modified":"2026-04-13T14:40:36","modified_gmt":"2026-04-13T14:40:36","slug":"politica-de-cookies","status":"publish","type":"page","link":"https:\/\/ziacor.com\/pt-pt\/politica-de-cookies\/","title":{"rendered":"Pol\u00edtica de cookies"},"content":{"rendered":"<div class=\"wpb-content-wrapper\"><p>[vc_row][vc_column]<div class=\"deeper-spacer clearfix\" data-config='{\"desktop\":120,\"mobile\":70,\"smobile\":70}'><\/div>[vc_column_text]<\/p>\n<h1 style=\"text-align: center;\">Pol\u00edtica de cookies<\/h1>\n<p>[\/vc_column_text][\/vc_column][\/vc_row][vc_row][vc_column]<div class=\"deeper-spacer clearfix\" data-config='{\"desktop\":50,\"mobile\":30,\"smobile\":30}'><\/div><div class=\"deeper-content-box clearfix ctb-58191153\" style=\" width:80%;\" data-config='{\"padding\":\"\",\"mobiPadding\":\"0\",\"margin\":\"5% 5% 5% 5%\",\"mobiMargin\":\"5% 5% 5% 5%\",\"borderStyleHover\":\"solid\"}'>\r\n\t\t\t\t\t<div class=\"inner \" style=\"\">\r\n\t\t\t\t\t\t[vc_column_text]<\/p>\n\n<p>[\/vc_column_text]\r\n\t\t\t\t\t<\/div>\r\n\t\t\t\t\t\r\n\t\t\t\t<\/div>[vc_column_text css=&#8221;&#8221;]<\/p>\n<h2><span style=\"color: #bc9d3a;\"><b><strong>O que s\u00e3o cookies?<\/strong><\/b><\/span><\/h2>\n<p>Um cookie \u00e9 uma pequena quantidade de informa\u00e7\u00e3o enviada por um site e armazenada no dispositivo do utilizador enquanto este navega no site. Os cookies permitem que o site lembre-se de informa\u00e7\u00f5es sobre visitas anteriores do utilizador, para que a utiliza\u00e7\u00e3o do site seja mais eficaz, agrad\u00e1vel e \u00fatil, ao recordar as suas prefer\u00eancias, permitir que o utilizador navegue no site e autentic\u00e1-lo caso j\u00e1 se tenha registado anteriormente. Al\u00e9m disso, os cookies ajudam a garantir que os an\u00fancios exibidos online se ajustem melhor aos interesses do utilizador, para lhe proporcionar uma melhor experi\u00eancia.  <\/p>\n<p>A utiliza\u00e7\u00e3o de cookies n\u00e3o causa qualquer dano ao seu dispositivo e, em geral, expiram ap\u00f3s algum tempo. Se desejar obter mais informa\u00e7\u00f5es sobre cookies, pode consultar este <a href=\"https:\/\/www.allaboutcookies.org\/\" target=\"_blank\" rel=\"noopener noreferrer\">link<\/a>. <\/p>\n<h2><span style=\"color: #bc9d3a;\"><b>Que tipo de dados pessoais temos sobre si? <\/b><\/span><\/h2>\n<p>As informa\u00e7\u00f5es que recolhermos estar\u00e3o relacionadas com o produto ou servi\u00e7o solicitado: por exemplo, o seu nome e dados de contacto, a natureza do produto ou servi\u00e7o solicitado e outras informa\u00e7\u00f5es relacionadas, para que possamos responder-lhe.<\/p>\n<p>Por vezes, a Ziacor CAD-CAM S.L. poder\u00e1 convid\u00e1-lo a participar numa sondagem ou vota\u00e7\u00e3o, por exemplo, para dar a sua opini\u00e3o sobre conte\u00fados, servi\u00e7os ou produtos.<\/p>\n<p>Caso seja candidato a processos de sele\u00e7\u00e3o de pessoal, dispomos do seu Curriculum Vitae, de informa\u00e7\u00f5es relativas \u00e0s suas entrevistas pessoais e, se for o caso, das informa\u00e7\u00f5es necess\u00e1rias para a sua contrata\u00e7\u00e3o e gest\u00e3o da rela\u00e7\u00e3o laboral.<\/p>\n<p>No que diz respeito a quaisquer informa\u00e7\u00f5es que recolhemos atrav\u00e9s dos nossos sites, a Ziacor CAD-CAM S.L.<br \/>\nser\u00e1 a respons\u00e1vel pelo tratamento dos dados.<\/p>\n<h2><span style=\"color: #bc9d3a;\"><b><strong>A Ziacor CAD-CAM S.L. utiliza cookies?<\/strong><\/b><\/span><\/h2>\n<p>Sim, nos nossos sites utilizamos cookies que nos permitem identificar se os utilizadores regressam ao nosso site ou, pelo contr\u00e1rio, se o visitam pela primeira vez, quantas visitas ocorrem, que p\u00e1ginas visualizaram ou se existe algum problema t\u00e9cnico durante a navega\u00e7\u00e3o no nosso site. Gra\u00e7as a esta informa\u00e7\u00e3o, podemos descobrir quais as partes dos nossos sites que s\u00e3o mais interessantes para os utilizadores e, assim, melhorar os nossos sites para oferecer a melhor experi\u00eancia poss\u00edvel aos visitantes. <\/p>\n<h2><span style=\"color: #bc9d3a;\"><b><strong>Tenho de aceitar os cookies para utilizar este site?<\/strong><\/b><\/span><\/h2>\n<p>N\u00e3o \u00e9 necess\u00e1rio. \u00c9 poss\u00edvel desativar o uso de cookies desativando a fun\u00e7\u00e3o de cookies no seu navegador. No entanto, \u00e9 poss\u00edvel que algumas sec\u00e7\u00f5es do nosso site, bem como de outros sites, n\u00e3o funcionem corretamente ou n\u00e3o lhe permitam aceder ao desativar essa fun\u00e7\u00e3o. Tamb\u00e9m pode configurar a sua utiliza\u00e7\u00e3o, conforme indicado na sec\u00e7\u00e3o sobre como recusar cookies.   <\/p>\n<h2><span style=\"color: #bc9d3a;\"><b><strong>Que tipo de cookies s\u00e3o utilizados?<\/strong><\/b><\/span><\/h2>\n<p style=\"text-align: left;\">Nos nossos sites, utilizamos tr\u00eas categorias gerais de cookies:<\/p>\n<p style=\"text-align: left;\"><strong>Cookies estritamente necess\u00e1rios <\/strong>(ou essenciais). Trata-se de cookies essenciais para navegar num site e utilizar as suas funcionalidades. Sem eles, essas funcionalidades deixariam de estar dispon\u00edveis. Por exemplo, navegar como utilizador registado, aceder a determinadas partes restritas do site ou efetuar compras atrav\u00e9s do site. Por esse motivo e, tal como a maioria dos sites, utilizamos cookies estritamente necess\u00e1rios.<br \/>\n<strong>Cookies de desempenho.<\/strong> S\u00e3o cookies que recolhem informa\u00e7\u00f5es an\u00f3nimas sobre a forma como os utilizadores utilizam o site, tais como as p\u00e1ginas que visitam com mais frequ\u00eancia, e que s\u00e3o utilizadas exclusivamente para melhorar o funcionamento do site. Tal como a maioria dos sites, utilizamos cookies de desempenho nos nossos sites.<br \/>\n<strong>Cookies de funcionalidade.<\/strong> Gra\u00e7as a estes cookies, o site guarda de forma an\u00f3nima as op\u00e7\u00f5es que selecionou, como, por exemplo, o idioma. Isto permite-nos oferecer-lhe uma experi\u00eancia melhorada. No nosso site, utilizamos cookies de funcionalidade para melhorar a sua experi\u00eancia como utilizador.  <\/p>\n<h2><span style=\"color: #bc9d3a;\"><b><strong>O que acontece quando se permite a utiliza\u00e7\u00e3o de cookies?<\/strong><\/b><\/span><\/h2>\n<p>Se n\u00e3o tiver desativado essa funcionalidade no seu navegador, concorda que instalemos cookies e outras tecnologias relacionadas no seu dispositivo.<\/p>\n<h2><span style=\"color: #bc9d3a;\"><b>O que s\u00e3o os pixels invis\u00edveis e para que servem?<\/b><\/span><\/h2>\n<p>O nosso site pode conter, em algumas partes, p\u00edxeis invis\u00edveis (web beacons, Internet tags, pixel tags ou clear GIFs). Estes p\u00edxeis invis\u00edveis s\u00e3o utilizados para apresentar conte\u00fados aos visitantes e para gerar estat\u00edsticas an\u00f3nimas sobre o tr\u00e1fego. <\/p>\n<h2><span style=\"color: #bc9d3a;\">Como posso recusar o uso de cookies?<\/span><\/h2>\n<p>Pode recusar as cookies de duas formas diferentes.<\/p>\n<ul>\n<li>Bloqueando a sua utiliza\u00e7\u00e3o atrav\u00e9s das defini\u00e7\u00f5es do seu navegador. Depois de o fazer, poder\u00e1 continuar a navegar no nosso site, mas poder\u00e1 n\u00e3o conseguir utilizar algumas das suas funcionalidades. <\/li>\n<li>Acedendo ao link que encontrar\u00e1 no final desta sec\u00e7\u00e3o. Tamb\u00e9m pode retirar o seu consentimento para a utiliza\u00e7\u00e3o de pixels invis\u00edveis por parte deste site atrav\u00e9s do mesmo link. <\/li>\n<\/ul>\n<p>Deve ter em conta que muitas funcionalidades dos nossos sites dependem destas tecnologias e que a sua desativa\u00e7\u00e3o pode reduzir a funcionalidade dos mesmos e prejudicar a sua experi\u00eancia de utiliza\u00e7\u00e3o. Tenha tamb\u00e9m em conta que, mesmo que sejam desativados, os cookies que j\u00e1 se encontram no seu computador continuar\u00e3o presentes, embora desativados, a menos que os elimine atrav\u00e9s das defini\u00e7\u00f5es do navegador. Pode encontrar mais informa\u00e7\u00f5es neste <a href=\"\/\/www.aboutcookies.org\/\">site.<\/a>   <\/p>\n<h2><span style=\"color: #bc9d3a;\">A Ziacor CAD-CAM S.L. permite a instala\u00e7\u00e3o de cookies de terceiros nos seus sites?<\/span><\/h2>\n<p>De um modo geral, n\u00e3o permitimos a instala\u00e7\u00e3o de cookies de terceiros, como anunciantes, nem aceitamos publicidade comportamental. No entanto, \u00e9 poss\u00edvel que em alguns dos nossos sites, como as nossas p\u00e1ginas nas redes sociais, tenham sido carregados conte\u00fados de terceiros, como v\u00eddeos, etc. Dever\u00e1 consultar os sites desses terceiros para obter informa\u00e7\u00f5es sobre esses cookies. No entanto, tamb\u00e9m \u00e9 poss\u00edvel desativar os cookies de terceiros atrav\u00e9s das configura\u00e7\u00f5es do seu navegador. Pode encontrar mais instru\u00e7\u00f5es sobre este assunto neste <a href=\"\/\/www.aboutcookies.org\/\">link<\/a>.   <\/p>\n<p><strong>Essenciais<\/strong>: Algumas cookies s\u00e3o essenciais para que possa usufruir de todas as funcionalidades do nosso site. Permitem-nos manter as sess\u00f5es dos utilizadores e prevenir quaisquer amea\u00e7as \u00e0 seguran\u00e7a. N\u00e3o recolhem nem armazenam quaisquer dados pessoais. Por exemplo, estas cookies permitem-lhe iniciar sess\u00e3o na sua conta, adicionar produtos ao seu cesto e efetuar a compra de forma segura.   <\/p>\n<p><strong>Estat\u00edsticas<\/strong>: Estas cookies armazenam informa\u00e7\u00f5es como o n\u00famero de visitantes do site, o n\u00famero de visitantes \u00fanicos, as p\u00e1ginas do site que foram visitadas, a origem da visita, etc. Estes dados ajudam-nos a compreender e a analisar o bom funcionamento do site e a identificar as \u00e1reas que necessitam de melhorias. <\/p>\n<p><strong>Publicidade<\/strong>: O nosso site exibe an\u00fancios. Estas cookies s\u00e3o utilizadas para personalizar os an\u00fancios que lhe mostramos, de modo a que sejam relevantes para si. Estas cookies tamb\u00e9m nos ajudam a acompanhar a efic\u00e1cia destas campanhas publicit\u00e1rias.<br \/>\nAs informa\u00e7\u00f5es armazenadas nestas cookies tamb\u00e9m podem ser utilizadas por fornecedores de publicidade terceiros para lhe mostrar an\u00fancios noutros sites no seu navegador.  <\/p>\n<p><strong>Funcional<\/strong>: Estas s\u00e3o as cookies que permitem o funcionamento de determinadas funcionalidades n\u00e3o essenciais no nosso site. Estas funcionalidades incluem a incorpora\u00e7\u00e3o de conte\u00fados, como v\u00eddeos, ou a partilha de conte\u00fados do site em plataformas de redes sociais. <\/p>\n<p><strong>Prefer\u00eancias<\/strong>: Estas cookies ajudam-nos a guardar as suas configura\u00e7\u00f5es e prefer\u00eancias de navega\u00e7\u00e3o, tais como as prefer\u00eancias de idioma, para que tenha uma experi\u00eancia melhor e mais eficiente em futuras visitas ao site.[\/vc_column_text][\/vc_column][\/vc_row][vc_row][vc_column]<div class=\"deeper-spacer clearfix\" data-config='{\"desktop\":60,\"mobile\":30,\"smobile\":30}'><\/div>[\/vc_column][\/vc_row][vc_row][vc_column][vc_raw_html]PGRpdiBjbGFzcz0iY2t5LWF1ZGl0LXRhYmxlLWVsZW1lbnQiPjwvZGl2Pg==[\/vc_raw_html][\/vc_column][\/vc_row]<\/p>\n<\/div>","protected":false},"excerpt":{"rendered":"<p>[vc_row][vc_column][vc_column_text] Pol\u00edtica de cookies [\/vc_column_text][\/vc_column][\/vc_row][vc_row][vc_column][vc_column_text css=&#8221;&#8221;] O que s\u00e3o cookies? Um cookie \u00e9 uma pequena quantidade de informa\u00e7\u00e3o enviada por um site e armazenada no dispositivo do utilizador enquanto este navega no site. Os cookies permitem que o site lembre-se de informa\u00e7\u00f5es sobre visitas anteriores do utilizador, para que a<\/p>\n","protected":false},"author":1,"featured_media":0,"parent":0,"menu_order":0,"comment_status":"closed","ping_status":"closed","template":"","meta":{"footnotes":""},"class_list":["post-8837","page","type-page","status-publish","hentry"],"_links":{"self":[{"href":"https:\/\/ziacor.com\/pt-pt\/wp-json\/wp\/v2\/pages\/8837","targetHints":{"allow":["GET"]}}],"collection":[{"href":"https:\/\/ziacor.com\/pt-pt\/wp-json\/wp\/v2\/pages"}],"about":[{"href":"https:\/\/ziacor.com\/pt-pt\/wp-json\/wp\/v2\/types\/page"}],"author":[{"embeddable":true,"href":"https:\/\/ziacor.com\/pt-pt\/wp-json\/wp\/v2\/users\/1"}],"replies":[{"embeddable":true,"href":"https:\/\/ziacor.com\/pt-pt\/wp-json\/wp\/v2\/comments?post=8837"}],"version-history":[{"count":2,"href":"https:\/\/ziacor.com\/pt-pt\/wp-json\/wp\/v2\/pages\/8837\/revisions"}],"predecessor-version":[{"id":8839,"href":"https:\/\/ziacor.com\/pt-pt\/wp-json\/wp\/v2\/pages\/8837\/revisions\/8839"}],"wp:attachment":[{"href":"https:\/\/ziacor.com\/pt-pt\/wp-json\/wp\/v2\/media?parent=8837"}],"curies":[{"name":"wp","href":"https:\/\/api.w.org\/{rel}","templated":true}]}}